{"id":3979,"date":"2025-03-20T14:23:12","date_gmt":"2025-03-20T14:23:12","guid":{"rendered":"https:\/\/vulcaflex.com.br\/?page_id=3979"},"modified":"2026-01-19T04:17:50","modified_gmt":"2026-01-19T04:17:50","slug":"politica-de-devolucion","status":"publish","type":"page","link":"https:\/\/vulcaflex.com.br\/es\/politica-de-devolucion\/","title":{"rendered":"Pol\u00edtica de Devoluci\u00f3n"},"content":{"rendered":"\t\t<div data-elementor-type=\"wp-page\" data-elementor-id=\"3979\" class=\"elementor elementor-3979 elementor-1937\" data-elementor-settings=\"{&quot;ha_cmc_init_switcher&quot;:&quot;no&quot;}\" data-elementor-post-type=\"page\">\n\t\t\t\t<div class=\"has_eae_slider elementor-element elementor-element-b435b07 e-flex e-con-boxed e-con e-parent\" data-eae-slider=\"9762\" data-id=\"b435b07\" data-element_type=\"container\" data-e-type=\"container\" data-settings=\"{&quot;_ha_eqh_enable&quot;:false}\">\n\t\t\t\t\t<div class=\"e-con-inner\">\n\t\t\t\t<div class=\"elementor-element elementor-element-830597a elementor-widget elementor-widget-elementskit-heading\" data-id=\"830597a\" data-element_type=\"widget\" data-e-type=\"widget\" data-widget_type=\"elementskit-heading.default\">\n\t\t\t\t<div class=\"elementor-widget-container\">\n\t\t\t\t\t<div class=\"ekit-wid-con\" ><div class=\"ekit-heading elementskit-section-title-wraper text_left   ekit_heading_tablet-   ekit_heading_mobile-\"><h2 class=\"ekit-heading--title elementskit-section-title \">Pol\u00edtica de Devoluci\u00f3n y Cambio de Mercader\u00eda<\/h2><\/div><\/div>\t\t\t\t<\/div>\n\t\t\t\t<\/div>\n\t\t\t\t<div class=\"elementor-element elementor-element-743e9db elementor-widget__width-initial elementor-widget-mobile__width-inherit elementor-widget elementor-widget-elementskit-heading\" data-id=\"743e9db\" data-element_type=\"widget\" data-e-type=\"widget\" data-widget_type=\"elementskit-heading.default\">\n\t\t\t\t<div class=\"elementor-widget-container\">\n\t\t\t\t\t<div class=\"ekit-wid-con\" ><div class=\"ekit-heading elementskit-section-title-wraper text_left   ekit_heading_tablet-   ekit_heading_mobile-text_left\"><h2 class=\"ekit-heading--title elementskit-section-title \">1. Situaciones en las que se aceptan devoluciones y\/o cambio de mercanc\u00eda<\/h2>\t\t\t\t<div class='ekit-heading__description'>\n\t\t\t\t\t<p><b>1.1 Defecto o fallo en la funcionalidad del producto<\/b><br \/>\nLa devoluci\u00f3n solo ser\u00e1 aceptada despu\u00e9s de la comprobaci\u00f3n de la procedencia de la reclamaci\u00f3n.<br \/>\nNo se deben aceptar reclamaciones por otras situaciones como condiciones de almacenamiento en el cliente, mal uso, entre otros.<br \/>\nSon necesarias evidencias (fotos, videos, n\u00famero de lote, muestras del producto) para la comprobaci\u00f3n efectiva del defecto y la trazabilidad interna.<br \/>\nPlazo para la reclamaci\u00f3n: Seg\u00fan el art\u00edculo 26 del CDC, cuando se trata de un vicio aparente, el plazo para la reclamaci\u00f3n es de 30 d\u00edas para productos no duraderos (alimentos, productos de higiene, entre otros) y 90 d\u00edas para los productos duraderos (muebles, electrodom\u00e9sticos, autom\u00f3viles, etc.).<\/p>\n<p><b>1.2 Productos entregados parcialmente en desacuerdo con el pedido, violados o da\u00f1ados<\/b><br \/>\nCasos en los que alg\u00fan (os) art\u00edculo (s) haya (n) sido entregado (s) en desacuerdo con el pedido original pueden ser devueltos parcialmente. Contactar con Vulcaflex para solicitar la devoluci\u00f3n.<br \/>\nEs necesario hacer una salvedad por escrito en el conocimiento de transporte informando que hubo aver\u00eda y\/o la entrega fue en desacuerdo.<br \/>\nPlazo para la reclamaci\u00f3n: 7 (siete) d\u00edas naturales despu\u00e9s de la recepci\u00f3n del producto.<\/p>\n<p><strong>Para que haya el cambio de la mercader\u00eda o el reembolso al cliente es imprescindible que se env\u00ede la nota de devoluci\u00f3n a Vulcaflex en el plazo m\u00e1ximo de 10 (diez) d\u00edas naturales.<\/strong><\/p>\n<p><strong>Para que la devoluci\u00f3n del producto sea aceptada por Vulcaflex, el art\u00edculo devuelto deber\u00e1 estar cerrado, en su embalaje original con todas las piezas, componentes, accesorios y sin indicios de uso.<\/strong><\/p>\n\t\t\t\t<\/div>\n\t\t\t<\/div><\/div>\t\t\t\t<\/div>\n\t\t\t\t<\/div>\n\t\t\t\t<div class=\"elementor-element elementor-element-41b434a elementor-widget__width-initial elementor-widget-mobile__width-inherit elementor-widget elementor-widget-elementskit-heading\" data-id=\"41b434a\" data-element_type=\"widget\" data-e-type=\"widget\" data-widget_type=\"elementskit-heading.default\">\n\t\t\t\t<div class=\"elementor-widget-container\">\n\t\t\t\t\t<div class=\"ekit-wid-con\" ><div class=\"ekit-heading elementskit-section-title-wraper text_left   ekit_heading_tablet-   ekit_heading_mobile-text_left\"><h2 class=\"ekit-heading--title elementskit-section-title \">2. Situaciones en las que se aceptan rechazos de mercader\u00eda<\/h2>\t\t\t\t<div class='ekit-heading__description'>\n\t\t\t\t\t<p><b>2.1 Lugar de entrega divergente del pedido original<\/b><br \/>\nSituaci\u00f3n de entrega en un lugar \/ sucursal diferente al solicitado por el cliente.<\/p>\n<p><b>2.2 Pedido no aprobado por el cliente<\/b><br \/>\nEs necesario tener evidencias de que el pedido no fue aprobado. Si Vulcaflex tiene comprobaci\u00f3n de la aprobaci\u00f3n del pedido, el mismo no podr\u00e1 ser rechazado.<\/p>\n<p><strong>En todos los casos de rechazo, es necesario contactar con Vulcaflex e informar el problema en el momento de su identificaci\u00f3n.<\/strong><\/p>\n<p><strong>El tal\u00f3n de la Nota Fiscal NO DEBE SER FIRMADO, SEPARADO O SELLADO por el cliente.<\/strong><\/p>\n<p><strong>Indicar en el reverso de la 1\u00aa v\u00eda de la Nota Fiscal el motivo del rechazo, sellar, fechar, firmar y devolver al transportista.<\/strong><\/p>\n<p><b>Fecha de Vigencia: 20.08.2020<\/b><\/p>\n\t\t\t\t<\/div>\n\t\t\t<\/div><\/div>\t\t\t\t<\/div>\n\t\t\t\t<\/div>\n\t\t\t\t\t<\/div>\n\t\t\t\t<\/div>\n\t\t<div class=\"has_eae_slider elementor-element elementor-element-bb0cd6e e-flex e-con-boxed e-con e-parent\" data-eae-slider=\"94314\" data-id=\"bb0cd6e\" data-element_type=\"container\" data-e-type=\"container\" data-settings=\"{&quot;_ha_eqh_enable&quot;:false}\">\n\t\t\t\t\t<div class=\"e-con-inner\">\n\t\t<div class=\"has_eae_slider elementor-element elementor-element-9be85b9 e-con-full e-flex e-con e-child\" data-eae-slider=\"61246\" data-id=\"9be85b9\" data-element_type=\"container\" data-e-type=\"container\" data-settings=\"{&quot;_ha_eqh_enable&quot;:false}\">\n\t\t\t\t<div class=\"elementor-element elementor-element-d08735e elementor-widget__width-initial elementor-widget-mobile__width-inherit elementor-widget elementor-widget-elementskit-heading\" data-id=\"d08735e\" data-element_type=\"widget\" data-e-type=\"widget\" data-widget_type=\"elementskit-heading.default\">\n\t\t\t\t<div class=\"elementor-widget-container\">\n\t\t\t\t\t<div class=\"ekit-wid-con\" ><div class=\"ekit-heading elementskit-section-title-wraper text_left   ekit_heading_tablet-   ekit_heading_mobile-text_center\"><h2 class=\"ekit-heading--title elementskit-section-title \">\u00a1Cont\u00e1ctenos!<\/h2><h3 class=\"ekit-heading--subtitle elementskit-section-subtitle  \">\n\t\t\t\t\t\tUn servicio eficaz es esencial. Comun\u00edquese con nuestro departamento comercial o SAC, descargue nuestros cat\u00e1logos, obtenga la segunda copia de facturas y boletos, solicite FISPQ y fichas t\u00e9cnicas de productos, entre otros. Lo mejor: llamadas y WhatsApp en un solo n\u00famero. Agr\u00e9guelo a su agenda:\n\t\t\t\t\t<\/h3>\t\t\t\t<div class='ekit-heading__description'>\n\t\t\t\t\t<p>+55 (34) 3233-5200<\/p>\n<p>sac@vulcaflex.com.br<\/p>\n\t\t\t\t<\/div>\n\t\t\t<\/div><\/div>\t\t\t\t<\/div>\n\t\t\t\t<\/div>\n\t\t\t\t<div class=\"elementor-element elementor-element-1c59aea elementor-align-left elementor-mobile-align-center elementor-widget elementor-widget-button\" data-id=\"1c59aea\" data-element_type=\"widget\" data-e-type=\"widget\" data-widget_type=\"button.default\">\n\t\t\t\t<div class=\"elementor-widget-container\">\n\t\t\t\t\t\t\t\t\t<div class=\"elementor-button-wrapper\">\n\t\t\t\t\t<a class=\"elementor-button elementor-button-link elementor-size-sm\" href=\"https:\/\/wa.me\/553432335200\" target=\"_blank\">\n\t\t\t\t\t\t<span class=\"elementor-button-content-wrapper\">\n\t\t\t\t\t\t\t\t\t<span class=\"elementor-button-text\">LLAMAR POR WHATSAPP<\/span>\n\t\t\t\t\t<\/span>\n\t\t\t\t\t<\/a>\n\t\t\t\t<\/div>\n\t\t\t\t\t\t\t\t<\/div>\n\t\t\t\t<\/div>\n\t\t\t\t<\/div>\n\t\t<div class=\"has_eae_slider elementor-element elementor-element-a3064cd e-con-full elementor-hidden-tablet elementor-hidden-mobile e-flex e-con e-child\" data-eae-slider=\"43077\" data-id=\"a3064cd\" data-element_type=\"container\" data-e-type=\"container\" data-settings=\"{&quot;_ha_eqh_enable&quot;:false}\">\n\t\t\t\t<div class=\"elementor-element elementor-element-0258dd7 elementor-widget elementor-widget-image\" data-id=\"0258dd7\" data-element_type=\"widget\" data-e-type=\"widget\" data-widget_type=\"image.default\">\n\t\t\t\t<div class=\"elementor-widget-container\">\n\t\t\t\t\t\t\t\t\t\t\t\t\t\t\t<img fetchpriority=\"high\" decoding=\"async\" width=\"700\" height=\"436\" src=\"https:\/\/vulcaflex.com.br\/wp-content\/uploads\/2025\/02\/whatsapp1.png\" class=\"attachment-large size-large wp-image-5330\" alt=\"\" srcset=\"https:\/\/vulcaflex.com.br\/wp-content\/uploads\/2025\/02\/whatsapp1.png 700w, https:\/\/vulcaflex.com.br\/wp-content\/uploads\/2025\/02\/whatsapp1-300x187.png 300w\" sizes=\"(max-width: 700px) 100vw, 700px\" \/>\t\t\t\t\t\t\t\t\t\t\t\t\t\t\t<\/div>\n\t\t\t\t<\/div>\n\t\t\t\t<\/div>\n\t\t\t\t\t<\/div>\n\t\t\t\t<\/div>\n\t\t\t\t<\/div>\n\t\t","protected":false},"excerpt":{"rendered":"<p>Pol\u00edtica de Devoluci\u00f3n y Cambio de Mercader\u00eda 1. Situaciones en las que se aceptan devoluciones y\/o cambio de mercanc\u00eda 1.1 Defecto o fallo en la&#8230;<\/p>\n","protected":false},"author":2,"featured_media":0,"parent":0,"menu_order":0,"comment_status":"closed","ping_status":"closed","template":"elementor_header_footer","meta":{"_acf_changed":false,"footnotes":""},"class_list":["post-3979","page","type-page","status-publish","hentry"],"acf":[],"_links":{"self":[{"href":"https:\/\/vulcaflex.com.br\/es\/wp-json\/wp\/v2\/pages\/3979","targetHints":{"allow":["GET"]}}],"collection":[{"href":"https:\/\/vulcaflex.com.br\/es\/wp-json\/wp\/v2\/pages"}],"about":[{"href":"https:\/\/vulcaflex.com.br\/es\/wp-json\/wp\/v2\/types\/page"}],"author":[{"embeddable":true,"href":"https:\/\/vulcaflex.com.br\/es\/wp-json\/wp\/v2\/users\/2"}],"replies":[{"embeddable":true,"href":"https:\/\/vulcaflex.com.br\/es\/wp-json\/wp\/v2\/comments?post=3979"}],"version-history":[{"count":15,"href":"https:\/\/vulcaflex.com.br\/es\/wp-json\/wp\/v2\/pages\/3979\/revisions"}],"predecessor-version":[{"id":6793,"href":"https:\/\/vulcaflex.com.br\/es\/wp-json\/wp\/v2\/pages\/3979\/revisions\/6793"}],"wp:attachment":[{"href":"https:\/\/vulcaflex.com.br\/es\/wp-json\/wp\/v2\/media?parent=3979"}],"curies":[{"name":"wp","href":"https:\/\/api.w.org\/{rel}","templated":true}]}}