{"id":3959,"date":"2025-03-20T14:36:20","date_gmt":"2025-03-20T14:36:20","guid":{"rendered":"https:\/\/vulcaflex.com.br\/?page_id=3959"},"modified":"2026-01-19T04:17:41","modified_gmt":"2026-01-19T04:17:41","slug":"condiciones-generales-de-uso","status":"publish","type":"page","link":"https:\/\/vulcaflex.com.br\/es\/condiciones-generales-de-uso\/","title":{"rendered":"Condiciones generales de uso"},"content":{"rendered":"\t\t<div data-elementor-type=\"wp-page\" data-elementor-id=\"3959\" class=\"elementor elementor-3959 elementor-1948\" data-elementor-settings=\"{&quot;ha_cmc_init_switcher&quot;:&quot;no&quot;}\" data-elementor-post-type=\"page\">\n\t\t\t\t<div class=\"has_eae_slider elementor-element elementor-element-b435b07 e-flex e-con-boxed e-con e-parent\" data-eae-slider=\"89723\" data-id=\"b435b07\" data-element_type=\"container\" data-e-type=\"container\" data-settings=\"{&quot;_ha_eqh_enable&quot;:false}\">\n\t\t\t\t\t<div class=\"e-con-inner\">\n\t\t\t\t<div class=\"elementor-element elementor-element-830597a elementor-widget elementor-widget-elementskit-heading\" data-id=\"830597a\" data-element_type=\"widget\" data-e-type=\"widget\" data-widget_type=\"elementskit-heading.default\">\n\t\t\t\t<div class=\"elementor-widget-container\">\n\t\t\t\t\t<div class=\"ekit-wid-con\" ><div class=\"ekit-heading elementskit-section-title-wraper text_left   ekit_heading_tablet-   ekit_heading_mobile-\"><h2 class=\"ekit-heading--title elementskit-section-title \">T\u00e9rminos Generales y Condiciones de Uso<\/h2><\/div><\/div>\t\t\t\t<\/div>\n\t\t\t\t<\/div>\n\t\t\t\t<div class=\"elementor-element elementor-element-743e9db elementor-widget__width-initial elementor-widget-mobile__width-inherit elementor-widget elementor-widget-elementskit-heading\" data-id=\"743e9db\" data-element_type=\"widget\" data-e-type=\"widget\" data-widget_type=\"elementskit-heading.default\">\n\t\t\t\t<div class=\"elementor-widget-container\">\n\t\t\t\t\t<div class=\"ekit-wid-con\" ><div class=\"ekit-heading elementskit-section-title-wraper text_left   ekit_heading_tablet-   ekit_heading_mobile-text_left\">\t\t\t\t<div class='ekit-heading__description'>\n\t\t\t\t\t<p>El acceso y uso de este sitio est\u00e1n sujetos a las condiciones que se describen a continuaci\u00f3n. Por favor, no utilice este sitio si no est\u00e1 de acuerdo con ellas.<\/p>\n<p>Este sitio fue desarrollado por Vulcaflex Industria y Comercio Ltda y es administrado por la misma.<\/p>\n<p>Nos reservamos el derecho de retirar de circulaci\u00f3n o hacer modificaciones parciales o totales en este sitio, en los T\u00e9rminos Generales y Condiciones de Uso, as\u00ed como en nuestras Pol\u00edticas de Privacidad y de Devoluci\u00f3n y Cambio de Mercanc\u00edas.<\/p>\n<p>Tenga en cuenta que podemos realizar dichas modificaciones cuando lo consideremos oportuno, sin previo aviso. Por lo tanto, le solicitamos que, la pr\u00f3xima vez que visite este sitio, revise las condiciones y verifique si se ha realizado alg\u00fan cambio o enmienda.<\/p>\n<p>Estos T\u00e9rminos Generales y Condiciones de Uso incluyen nuestra Pol\u00edtica de Privacidad, que contiene las reglas y condiciones sobre el uso que hacemos de sus datos personales.<\/p>\n<p><strong>1. Cesi\u00f3n de Uso y Beneficio<\/strong><\/p>\n<p>1.1. Todos los detalles, documentos e ilustraciones publicados en este sitio son propiedad exclusiva de Vulcaflex.<\/p>\n<p>1.2. Cualquier autorizaci\u00f3n para utilizarlos se conceder\u00e1 siempre que se muestre el derecho de autor correspondiente en todas las copias, y que estos detalles se utilicen \u00fanicamente para fines personales, sin fines comerciales, as\u00ed como que los detalles no sean modificados de ninguna manera y que todas las ilustraciones obtenidas del sitio se utilicen \u00fanicamente junto al texto que las acompa\u00f1a.<\/p>\n<p><strong>2. Marcas Registradas<\/strong><\/p>\n<p>2.1. Todos los nombres de productos en may\u00fasculas o marcados de cualquier otra forma en este sitio son marcas registradas de Vulcaflex, sus subsidiarias, afiliadas, licenciantes o socios de joint venture. Cualquier uso no autorizado o abuso de estas marcas registradas u otro material est\u00e1 expresamente prohibido y constituye una violaci\u00f3n de los derechos de autor, la ley de marcas registradas u otros derechos de propiedad industrial.<\/p>\n<p><strong>3. Responsabilidad Limitada<\/strong><\/p>\n<p>Vulcaflex compil\u00f3 la informaci\u00f3n detallada proporcionada en este sitio a partir de fuentes internas y externas, hasta donde es de su conocimiento y creencia, utilizando diligencia profesional.<\/p>\n<p>3.1. Nos esforzamos por ampliar y actualizar continuamente esta informaci\u00f3n. El \u00fanico prop\u00f3sito de la informaci\u00f3n contenida en el sitio es presentar los productos y servicios de Vulcaflex, adem\u00e1s de ofrecer informaci\u00f3n y consejos profesionales relacionados con artefactos de caucho y sus aplicaciones en las l\u00edneas de negocio automotriz, bicicleta e industrial. Sin embargo, no se hace ninguna declaraci\u00f3n o garant\u00eda, ya sea expresa o impl\u00edcita, sobre la integridad o exactitud de la informaci\u00f3n del sitio.<\/p>\n<p>Le pedimos espec\u00edficamente que tenga en cuenta que esta informaci\u00f3n puede no estar actualizada. En consecuencia, recomendamos que verifique cualquier informaci\u00f3n obtenida de este sitio antes de utilizarla de cualquier manera.<\/p>\n<p>3.2. Las recomendaciones realizadas en este sitio no lo eximen de hacer sus propias verificaciones sobre la informaci\u00f3n m\u00e1s reciente, especialmente sobre nuestros registros de seguridad y especificaciones t\u00e9cnicas, verificando su idoneidad para los procesos y fines deseados. Si necesita cualquier recomendaci\u00f3n o instrucci\u00f3n sobre nuestros productos o servicios, comun\u00edquese directamente con nosotros a trav\u00e9s del SAC (Correo electr\u00f3nico: [sac@vulcaflex.com.br](mailto:sac@vulcaflex.com.br)). Los usuarios de este sitio declaran que aceptan acceder a este sitio y a su contenido bajo su propio riesgo.<\/p>\n<p>3.3. Ni Vulcaflex ni terceros involucrados en la redacci\u00f3n, producci\u00f3n o transmisi\u00f3n de este sitio pueden ser responsables por da\u00f1os o lesiones resultantes del acceso o imposibilidad de acceso a este sitio o del hecho de haberse basado en la informaci\u00f3n proporcionada en el mismo.<\/p>\n<p><strong>4. Cambios en los Servicios, Productos o el Sitio Web<\/strong><\/p>\n<p>4.1. Vulcaflex se reserva el derecho de modificar, suspender, finalizar o descontinuar cualquier aspecto del Sitio Web en cualquier momento, incluyendo la disponibilidad de cualquier informaci\u00f3n, caracter\u00edstica o funcionalidad accesible a trav\u00e9s del Sitio Web. Tambi\u00e9n podemos imponer limitaciones a ciertas caracter\u00edsticas, funcionalidades o restringir su acceso a partes o a la totalidad del Sitio Web sin previo aviso y sin que esto implique responsabilidad alguna por cualquier perjuicio que pueda sufrir.<\/p>\n<p>4.2. Cualquier mejora o adici\u00f3n al Sitio Web estar\u00e1 sujeta a estos T\u00e9rminos de Uso, salvo que establezcamos expresamente lo contrario. Podemos introducir nuevos conjuntos espec\u00edficos de t\u00e9rminos y condiciones para Servicios espec\u00edficos, seg\u00fan corresponda, o enmendar t\u00e9rminos y condiciones espec\u00edficos existentes.<\/p>\n<p>4.3. Vulcaflex se reserva el derecho, en cualquier momento y a su exclusivo criterio, de controlar y\/o modificar la apariencia, el desarrollo y\/o las operaciones del Sitio Web, as\u00ed como establecer y modificar los procedimientos para su contacto con nosotros, sin necesidad de previo aviso.<\/p>\n<p><strong>5. Enlaces a otros<\/strong> <strong>Sitios Web<\/strong><\/p>\n<p>5.1. El contenido de cualquier sitio web al que acceda desde nuestro Sitio Web est\u00e1 completamente fuera de nuestro control, y el acceso y permanencia en dichos sitios ser\u00e1 bajo su propio riesgo. La inclusi\u00f3n de estos enlaces en el Sitio Web no implica nuestro respaldo o aprobaci\u00f3n de cualquier producto, servicio, contenido, informaci\u00f3n o material ofrecido por, o accesible en, sitios web de terceros.<\/p>\n<p>No representamos ni garantizamos ning\u00fan sitio web de terceros que pueda acceder a trav\u00e9s del Sitio Web. No podemos aceptar responsabilidad ni asumir ninguna obligaci\u00f3n respecto a cualquier material contenido en otro sitio web. Cualquier opini\u00f3n o recomendaci\u00f3n expresada en dichos otros sitios web es \u00fanicamente de los proveedores independientes y no representa las opiniones o recomendaciones de Vulcaflex.<\/p>\n<p>5.2. Todos los derechos de autor y marcas comerciales accesibles a trav\u00e9s de los enlaces del Sitio Web son propiedad de los respectivos due\u00f1os de los sitios web o de sus licenciantes.<\/p>\n<p><strong>6. Responsabilidades<\/strong><\/p>\n<p>6.1. Excepto en caso de conducta dolosa comprobada, en ning\u00fan momento Vulcaflex ser\u00e1 responsable por (a) p\u00e9rdida o da\u00f1o de cualquier naturaleza que surja como resultado de cualquier contenido publicado en el Sitio Web, de estos T\u00e9rminos Generales o cualquier otra informaci\u00f3n o dato proporcionado a trav\u00e9s del Sitio Web; o servicios de terceros realizados a trav\u00e9s o basados en la informaci\u00f3n o contenido proporcionado en el Sitio Web.<\/p>\n<p>6.2. En ning\u00fan caso Vulcaflex ser\u00e1 responsable por da\u00f1os indirectos, de cualquier naturaleza, que puedan, directa o indirectamente, atribuirse al uso o incapacidad de uso del Sitio Web, cualquier contenido publicado en el Sitio Web, estos T\u00e9rminos Generales, los Servicios o cualquier informaci\u00f3n, dato, software o servicio proporcionado a trav\u00e9s del Sitio Web, incluso si se ha advertido sobre la posibilidad de dichos da\u00f1os o si tales da\u00f1os eran previsibles.<\/p>\n<p><strong>7. Notificaciones<\/strong><\/p>\n<p>7.1. Las notificaciones pueden ser enviadas por nosotros o por usted por correo electr\u00f3nico a trav\u00e9s de nuestro SAC ([sac@vulcaflex.com.br](mailto:sac@vulcaflex.com.br)).<\/p>\n<p><em>Actualizaci\u00f3n el 24.09.2020.<\/em><\/p>\n\t\t\t\t<\/div>\n\t\t\t<\/div><\/div>\t\t\t\t<\/div>\n\t\t\t\t<\/div>\n\t\t\t\t\t<\/div>\n\t\t\t\t<\/div>\n\t\t<div class=\"has_eae_slider elementor-element elementor-element-bb0cd6e e-flex e-con-boxed e-con e-parent\" data-eae-slider=\"76767\" data-id=\"bb0cd6e\" data-element_type=\"container\" data-e-type=\"container\" data-settings=\"{&quot;_ha_eqh_enable&quot;:false}\">\n\t\t\t\t\t<div class=\"e-con-inner\">\n\t\t<div class=\"has_eae_slider elementor-element elementor-element-9be85b9 e-con-full e-flex e-con e-child\" data-eae-slider=\"57487\" data-id=\"9be85b9\" data-element_type=\"container\" data-e-type=\"container\" data-settings=\"{&quot;_ha_eqh_enable&quot;:false}\">\n\t\t\t\t<div class=\"elementor-element elementor-element-d08735e elementor-widget__width-initial elementor-widget-mobile__width-inherit elementor-widget elementor-widget-elementskit-heading\" data-id=\"d08735e\" data-element_type=\"widget\" data-e-type=\"widget\" data-widget_type=\"elementskit-heading.default\">\n\t\t\t\t<div class=\"elementor-widget-container\">\n\t\t\t\t\t<div class=\"ekit-wid-con\" ><div class=\"ekit-heading elementskit-section-title-wraper text_left   ekit_heading_tablet-   ekit_heading_mobile-text_center\"><h2 class=\"ekit-heading--title elementskit-section-title \">\u00a1Cont\u00e1ctenos!<\/h2><h3 class=\"ekit-heading--subtitle elementskit-section-subtitle  \">\n\t\t\t\t\t\tUn servicio eficaz es esencial. Comun\u00edquese con nuestro departamento comercial o SAC, descargue nuestros cat\u00e1logos, obtenga la segunda copia de facturas y boletos, solicite FISPQ y fichas t\u00e9cnicas de productos, entre otros. Lo mejor: llamadas y WhatsApp en un solo n\u00famero. Agr\u00e9guelo a su agenda:\n\t\t\t\t\t<\/h3>\t\t\t\t<div class='ekit-heading__description'>\n\t\t\t\t\t<p>+55 (34) 3233-5200<\/p>\n<p>sac@vulcaflex.com.br<\/p>\n\t\t\t\t<\/div>\n\t\t\t<\/div><\/div>\t\t\t\t<\/div>\n\t\t\t\t<\/div>\n\t\t\t\t<div class=\"elementor-element elementor-element-1c59aea elementor-align-left elementor-mobile-align-center elementor-widget elementor-widget-button\" data-id=\"1c59aea\" data-element_type=\"widget\" data-e-type=\"widget\" data-widget_type=\"button.default\">\n\t\t\t\t<div class=\"elementor-widget-container\">\n\t\t\t\t\t\t\t\t\t<div class=\"elementor-button-wrapper\">\n\t\t\t\t\t<a class=\"elementor-button elementor-button-link elementor-size-sm\" href=\"https:\/\/wa.me\/553432335200\" target=\"_blank\">\n\t\t\t\t\t\t<span class=\"elementor-button-content-wrapper\">\n\t\t\t\t\t\t\t\t\t<span class=\"elementor-button-text\">LLAMAR POR WHATSAPP<\/span>\n\t\t\t\t\t<\/span>\n\t\t\t\t\t<\/a>\n\t\t\t\t<\/div>\n\t\t\t\t\t\t\t\t<\/div>\n\t\t\t\t<\/div>\n\t\t\t\t<\/div>\n\t\t<div class=\"has_eae_slider elementor-element elementor-element-a3064cd e-con-full elementor-hidden-tablet elementor-hidden-mobile e-flex e-con e-child\" data-eae-slider=\"16749\" data-id=\"a3064cd\" data-element_type=\"container\" data-e-type=\"container\" data-settings=\"{&quot;_ha_eqh_enable&quot;:false}\">\n\t\t\t\t<div class=\"elementor-element elementor-element-0258dd7 elementor-widget elementor-widget-image\" data-id=\"0258dd7\" data-element_type=\"widget\" data-e-type=\"widget\" data-widget_type=\"image.default\">\n\t\t\t\t<div class=\"elementor-widget-container\">\n\t\t\t\t\t\t\t\t\t\t\t\t\t\t\t<img fetchpriority=\"high\" decoding=\"async\" width=\"700\" height=\"436\" src=\"https:\/\/vulcaflex.com.br\/wp-content\/uploads\/2025\/02\/whatsapp1.png\" class=\"attachment-large size-large wp-image-5330\" alt=\"\" srcset=\"https:\/\/vulcaflex.com.br\/wp-content\/uploads\/2025\/02\/whatsapp1.png 700w, https:\/\/vulcaflex.com.br\/wp-content\/uploads\/2025\/02\/whatsapp1-300x187.png 300w\" sizes=\"(max-width: 700px) 100vw, 700px\" \/>\t\t\t\t\t\t\t\t\t\t\t\t\t\t\t<\/div>\n\t\t\t\t<\/div>\n\t\t\t\t<\/div>\n\t\t\t\t\t<\/div>\n\t\t\t\t<\/div>\n\t\t\t\t<\/div>\n\t\t","protected":false},"excerpt":{"rendered":"<p>T\u00e9rminos Generales y Condiciones de Uso El acceso y uso de este sitio est\u00e1n sujetos a las condiciones que se describen a continuaci\u00f3n. Por favor, no utilice este sitio si no est\u00e1 de acuerdo con ellas. Este sitio fue desarrollado por Vulcaflex Industria y Comercio Ltda y es administrado por la misma. Nos reservamos el [&hellip;]<\/p>\n","protected":false},"author":2,"featured_media":0,"parent":0,"menu_order":0,"comment_status":"closed","ping_status":"closed","template":"elementor_header_footer","meta":{"_acf_changed":false,"footnotes":""},"class_list":["post-3959","page","type-page","status-publish","hentry"],"acf":[],"_links":{"self":[{"href":"https:\/\/vulcaflex.com.br\/es\/wp-json\/wp\/v2\/pages\/3959","targetHints":{"allow":["GET"]}}],"collection":[{"href":"https:\/\/vulcaflex.com.br\/es\/wp-json\/wp\/v2\/pages"}],"about":[{"href":"https:\/\/vulcaflex.com.br\/es\/wp-json\/wp\/v2\/types\/page"}],"author":[{"embeddable":true,"href":"https:\/\/vulcaflex.com.br\/es\/wp-json\/wp\/v2\/users\/2"}],"replies":[{"embeddable":true,"href":"https:\/\/vulcaflex.com.br\/es\/wp-json\/wp\/v2\/comments?post=3959"}],"version-history":[{"count":13,"href":"https:\/\/vulcaflex.com.br\/es\/wp-json\/wp\/v2\/pages\/3959\/revisions"}],"predecessor-version":[{"id":6792,"href":"https:\/\/vulcaflex.com.br\/es\/wp-json\/wp\/v2\/pages\/3959\/revisions\/6792"}],"wp:attachment":[{"href":"https:\/\/vulcaflex.com.br\/es\/wp-json\/wp\/v2\/media?parent=3959"}],"curies":[{"name":"wp","href":"https:\/\/api.w.org\/{rel}","templated":true}]}}